{"id":10,"date":"2018-07-25T10:33:57","date_gmt":"2018-07-25T10:33:57","guid":{"rendered":"http:\/\/www.richmondlanguage.fr\/?page_id=10"},"modified":"2025-02-18T18:04:18","modified_gmt":"2025-02-18T18:04:18","slug":"home","status":"publish","type":"page","link":"https:\/\/richmondlanguage.fr\/","title":{"rendered":"home"},"content":{"rendered":"<p>[vc_row][vc_column width=\u00a0\u00bb1\/4&Prime;][\/vc_column][vc_column width=\u00a0\u00bb1\/4&Prime;][vc_single_image image=\u00a0\u00bb380&Prime; img_size=\u00a0\u00bblarge\u00a0\u00bb alignment=\u00a0\u00bbcenter\u00a0\u00bb style=\u00a0\u00bbvc_box_shadow_3d\u00a0\u00bb onclick=\u00a0\u00bbcustom_link\u00a0\u00bb css_animation=\u00a0\u00bbbounceIn\u00a0\u00bb link=\u00a0\u00bbhttps:\/\/richmondlanguage.fr\/wp-content\/uploads\/2024\/12\/20230106-Plaquette-2023.pdf\u00a0\u00bb][\/vc_column][vc_column width=\u00a0\u00bb1\/4&Prime;][vc_single_image image=\u00a0\u00bb392&Prime; img_size=\u00a0\u00bblarge\u00a0\u00bb alignment=\u00a0\u00bbcenter\u00a0\u00bb onclick=\u00a0\u00bbcustom_link\u00a0\u00bb link=\u00a0\u00bbhttps:\/\/richmondlanguage.fr\/wp-content\/uploads\/2025\/02\/40.54-CERTIFICAT-certificat-QUA007929-2024-12-26T23_00_00Z.pdf\u00a0\u00bb][\/vc_column][vc_column width=\u00a0\u00bb1\/4&Prime;][\/vc_column][\/vc_row][vc_row][vc_column width=\u00a0\u00bb1\/4&Prime;][vc_custom_heading text=\u00a0\u00bbACTUALITES\u00a0\u00bb use_theme_fonts=\u00a0\u00bbyes\u00a0\u00bb][vc_empty_space]<style type=\"text\/css\" data-type=\"the7_shortcodes-inline-css\">.blog-shortcode.blog-list-shortcode-id-e13b91fd2ffbaa38543817a25f66f8c4.dividers-on.classic-layout-list article {\n  margin-top: 50px;\n  padding-top: 0;\n}\n.blog-shortcode.blog-list-shortcode-id-e13b91fd2ffbaa38543817a25f66f8c4.dividers-on.classic-layout-list article:first-of-type {\n  margin-top: 0;\n  padding-top: 0;\n}\n.blog-shortcode.blog-list-shortcode-id-e13b91fd2ffbaa38543817a25f66f8c4.classic-layout-list.mode-list .post-thumbnail-wrap {\n  width: 50%;\n}\n.blog-shortcode.blog-list-shortcode-id-e13b91fd2ffbaa38543817a25f66f8c4.classic-layout-list.mode-list .post-entry-content {\n  width: calc(100% - 50%);\n}\n.blog-shortcode.blog-list-shortcode-id-e13b91fd2ffbaa38543817a25f66f8c4.classic-layout-list.mode-list .no-img .post-entry-content {\n  width: 100%;\n}\n.blog-shortcode.blog-list-shortcode-id-e13b91fd2ffbaa38543817a25f66f8c4 .filter-bg-decoration .filter-categories a.act {\n  color: #fff;\n}\n.blog-shortcode.blog-list-shortcode-id-e13b91fd2ffbaa38543817a25f66f8c4:not(.mode-masonry) article {\n  margin-top: 50px;\n}\n.blog-shortcode.blog-list-shortcode-id-e13b91fd2ffbaa38543817a25f66f8c4:not(.mode-masonry) article:first-of-type,\n.blog-shortcode.blog-list-shortcode-id-e13b91fd2ffbaa38543817a25f66f8c4:not(.mode-masonry) article.visible.first:not(.product) {\n  margin-top: 0;\n}\n.blog-shortcode.blog-list-shortcode-id-e13b91fd2ffbaa38543817a25f66f8c4.dividers-on:not(.mode-masonry) article {\n  margin-top: 0;\n  padding-top: 50px;\n}\n.blog-shortcode.blog-list-shortcode-id-e13b91fd2ffbaa38543817a25f66f8c4.dividers-on:not(.mode-masonry) article:first-of-type,\n.blog-shortcode.blog-list-shortcode-id-e13b91fd2ffbaa38543817a25f66f8c4.dividers-on:not(.mode-masonry) article.visible.first:not(.product) {\n  margin-top: 0;\n  padding-top: 0;\n}\n.blog-shortcode.blog-list-shortcode-id-e13b91fd2ffbaa38543817a25f66f8c4 .post-thumbnail-wrap {\n  padding: 0px 0px 0px 0px;\n}\n.blog-shortcode.blog-list-shortcode-id-e13b91fd2ffbaa38543817a25f66f8c4.enable-bg-rollover .post-thumbnail-rollover:after {\n  background: -webkit-linear-gradient();\n  background: linear-gradient();\n}\n.blog-shortcode.blog-list-shortcode-id-e13b91fd2ffbaa38543817a25f66f8c4 .gallery-zoom-ico {\n  width: 44px;\n  height: 44px;\n  line-height: 44px;\n  border-radius: 100px;\n  margin: -22px 0 0 -22px;\n  border-width: 0px;\n  color: #ffffff;\n}\n.bottom-overlap-layout-list.blog-shortcode.blog-list-shortcode-id-e13b91fd2ffbaa38543817a25f66f8c4 .gallery-zoom-ico {\n  margin-top: -22px;\n}\n.gradient-overlay-layout-list.blog-shortcode.blog-list-shortcode-id-e13b91fd2ffbaa38543817a25f66f8c4 .gallery-zoom-ico,\n.content-rollover-layout-list.blog-shortcode.blog-list-shortcode-id-e13b91fd2ffbaa38543817a25f66f8c4 .gallery-zoom-ico {\n  margin: 0 0 10px;\n}\n.content-align-center.gradient-overlay-layout-list.blog-shortcode.blog-list-shortcode-id-e13b91fd2ffbaa38543817a25f66f8c4 .gallery-zoom-ico,\n.content-align-center.content-rollover-layout-list.blog-shortcode.blog-list-shortcode-id-e13b91fd2ffbaa38543817a25f66f8c4 .gallery-zoom-ico {\n  margin: 0 auto 10px;\n}\n.dt-icon-bg-on.blog-shortcode.blog-list-shortcode-id-e13b91fd2ffbaa38543817a25f66f8c4 .gallery-zoom-ico {\n  background: rgba(255,255,255,0.3);\n  box-shadow: none;\n}\n.blog-shortcode.blog-list-shortcode-id-e13b91fd2ffbaa38543817a25f66f8c4 .gallery-zoom-ico > span,\n.blog-shortcode.blog-list-shortcode-id-e13b91fd2ffbaa38543817a25f66f8c4 .gallery-zoom-ico:before {\n  font-size: 32px;\n  line-height: 44px;\n}\n.blog-shortcode.blog-list-shortcode-id-e13b91fd2ffbaa38543817a25f66f8c4 .gallery-zoom-ico > span,\n.blog-shortcode.blog-list-shortcode-id-e13b91fd2ffbaa38543817a25f66f8c4 .gallery-zoom-ico:before {\n  color: #ffffff;\n}\n.blog-shortcode.blog-list-shortcode-id-e13b91fd2ffbaa38543817a25f66f8c4 .fancy-date a {\n  background: #ffffff;\n  box-shadow: none;\n}\n.blog-shortcode.blog-list-shortcode-id-e13b91fd2ffbaa38543817a25f66f8c4 .fancy-date a * {\n  color: #2d2d2d;\n}\n.blog-shortcode.blog-list-shortcode-id-e13b91fd2ffbaa38543817a25f66f8c4 .entry-title,\n.blog-shortcode.blog-list-shortcode-id-e13b91fd2ffbaa38543817a25f66f8c4.owl-carousel .entry-title {\n  margin-bottom: 5px;\n  font-weight: bold;\n}\n.blog-shortcode.blog-list-shortcode-id-e13b91fd2ffbaa38543817a25f66f8c4 .entry-meta {\n  margin-bottom: 15px;\n}\n.blog-shortcode.blog-list-shortcode-id-e13b91fd2ffbaa38543817a25f66f8c4 .portfolio-categories {\n  margin-bottom: 15px;\n}\n.blog-shortcode.blog-list-shortcode-id-e13b91fd2ffbaa38543817a25f66f8c4 .entry-excerpt {\n  margin-bottom: 5px;\n}\n.blog-shortcode.blog-list-shortcode-id-e13b91fd2ffbaa38543817a25f66f8c4:not(.centered-layout-list) .post-entry-content {\n  padding: 15px 5px 20px 5px;\n}\n.blog-shortcode.blog-list-shortcode-id-e13b91fd2ffbaa38543817a25f66f8c4:not(.centered-layout-list):not(.content-bg-on):not(.mode-list) .no-img .post-entry-content {\n  padding: 0;\n}\n@media screen and (max-width: 768px) {\n  .blog-shortcode.blog-list-shortcode-id-e13b91fd2ffbaa38543817a25f66f8c4 article {\n    -ms-flex-flow: column nowrap;\n    flex-flow: column nowrap;\n    margin-top: 20px;\n  }\n  .blog-shortcode.blog-list-shortcode-id-e13b91fd2ffbaa38543817a25f66f8c4.dividers-on article {\n    border: none;\n  }\n  .blog-shortcode.blog-list-shortcode-id-e13b91fd2ffbaa38543817a25f66f8c4.content-bg-on.centered-layout-list article {\n    padding: 0;\n  }\n  .blog-shortcode.blog-list-shortcode-id-e13b91fd2ffbaa38543817a25f66f8c4.blog-shortcode.dividers-on article,\n  .blog-shortcode.blog-list-shortcode-id-e13b91fd2ffbaa38543817a25f66f8c4.dividers-on.classic-layout-list article {\n    margin-top: 20px;\n    padding: 0;\n  }\n  .blog-shortcode.blog-list-shortcode-id-e13b91fd2ffbaa38543817a25f66f8c4.blog-shortcode.dividers-on article:first-of-type,\n  .blog-shortcode.blog-list-shortcode-id-e13b91fd2ffbaa38543817a25f66f8c4.dividers-on.classic-layout-list article:first-of-type {\n    padding: 0;\n  }\n  #page .blog-shortcode.blog-list-shortcode-id-e13b91fd2ffbaa38543817a25f66f8c4 .post-thumbnail-wrap,\n  #page .blog-shortcode.blog-list-shortcode-id-e13b91fd2ffbaa38543817a25f66f8c4 .post-entry-content {\n    width: 100%;\n    margin: 0;\n    top: 0;\n  }\n  #page .blog-shortcode.blog-list-shortcode-id-e13b91fd2ffbaa38543817a25f66f8c4 .post-thumbnail-wrap {\n    padding: 0;\n  }\n  #page .blog-shortcode.blog-list-shortcode-id-e13b91fd2ffbaa38543817a25f66f8c4 .post-entry-content:after {\n    display: none;\n  }\n  #page .blog-shortcode.blog-list-shortcode-id-e13b91fd2ffbaa38543817a25f66f8c4 .project-even .post-thumbnail-wrap,\n  #page .blog-shortcode.blog-list-shortcode-id-e13b91fd2ffbaa38543817a25f66f8c4.centered-layout-list .post-thumbnail-wrap {\n    -ms-flex-order: 0;\n    order: 0;\n  }\n  #page .blog-shortcode.blog-list-shortcode-id-e13b91fd2ffbaa38543817a25f66f8c4.centered-layout-list .post-entry-title-content {\n    -ms-flex-order: 1;\n    order: 1;\n    width: 100%;\n    padding: 20px 20px 0;\n  }\n  #page .blog-shortcode.blog-list-shortcode-id-e13b91fd2ffbaa38543817a25f66f8c4.centered-layout-list .post-entry-content {\n    -ms-flex-order: 2;\n    order: 2;\n    padding-top: 0;\n  }\n  #page .blog-shortcode.blog-list-shortcode-id-e13b91fd2ffbaa38543817a25f66f8c4 .fancy-categories {\n    top: 10px;\n    left: 10px;\n    bottom: auto;\n    right: auto;\n  }\n  #page .blog-shortcode.blog-list-shortcode-id-e13b91fd2ffbaa38543817a25f66f8c4 .fancy-date a {\n    top: 10px;\n    right: 10px;\n    left: auto;\n    bottom: auto;\n  }\n  #page .blog-shortcode.blog-list-shortcode-id-e13b91fd2ffbaa38543817a25f66f8c4 .post-entry-content {\n    padding: 20px;\n  }\n  #page .blog-shortcode.blog-list-shortcode-id-e13b91fd2ffbaa38543817a25f66f8c4 .entry-title {\n    margin: 3px 0 5px;\n    font-size: 20px;\n    line-height: 26px;\n  }\n  #page .blog-shortcode.blog-list-shortcode-id-e13b91fd2ffbaa38543817a25f66f8c4 .entry-meta {\n    margin: 5px 0 5px;\n  }\n  #page .blog-shortcode.blog-list-shortcode-id-e13b91fd2ffbaa38543817a25f66f8c4 .entry-excerpt {\n    margin: 15px 0 0;\n  }\n  #page .blog-shortcode.blog-list-shortcode-id-e13b91fd2ffbaa38543817a25f66f8c4 .post-details {\n    margin: 5px 0 10px;\n  }\n  #page .blog-shortcode.blog-list-shortcode-id-e13b91fd2ffbaa38543817a25f66f8c4 .post-details.details-type-link {\n    margin-bottom: 2px;\n  }\n}\n<\/style><div class=\"articles-list blog-shortcode mode-list blog-list-shortcode-id-e13b91fd2ffbaa38543817a25f66f8c4 classic-layout-list jquery-filter scale-img dt-icon-bg-off loading-effect-fade-in\" data-cur-page=\"1\" data-post-limit=\"-1\" data-pagination-mode=\"none\"><article class=\"post project-odd visible no-img post-134 type-post status-publish format-standard hentry category-actualites category-1 description-off\" data-name=\"Vous voulez parler ? ..Welcome\" data-date=\"2018-08-22T09:46:09+00:00\">\n\n<div class=\"post-entry-content\">\n\n\t<h3 class=\"entry-title\">\n\t\t<a href=\"https:\/\/richmondlanguage.fr\/?p=134\" title=\"Vous voulez parler ? ..Welcome\" rel=\"bookmark\">Vous voulez parler ? ..Welcome<\/a>\n\t<\/h3>\n\n\t<div class=\"entry-meta\"><span class=\"category-link\"><a href=\"https:\/\/richmondlanguage.fr\/?cat=1\" rel=\"category\">Actualit\u00e9s<\/a><\/span><a href=\"https:\/\/richmondlanguage.fr\/?m=20180822\" title=\"9:46 am\" class=\"data-link\" rel=\"bookmark\"><time class=\"entry-date updated\" datetime=\"2018-08-22T09:46:09+00:00\">ao\u00fbt 22, 2018<\/time><\/a><\/div>\n\t\n\t\n<a href=\"https:\/\/richmondlanguage.fr\/?p=134\" class=\"post-details details-type-link\" aria-label=\"En savoir plus sur Vous voulez parler ? ..Welcome\">Lire plus<i class=\"dt-icon-the7-arrow-03\" aria-hidden=\"true\"><\/i><\/a>\n\n<\/div><\/article><\/div>[\/vc_column][vc_column width=\u00a0\u00bb3\/4&Prime;][vc_column_text]<\/p>\n<div class=\"layoutArea\">\n<div class=\"column\">\n<h1 style=\"text-align: center;\">CENTRE DE FORMATION DES LANGUES VIVANTES<\/h1>\n<\/div>\n<\/div>\n<div class=\"layoutArea\">\n<div class=\"column\">\n<p>Les m\u00e9thodes d\u2019apprentissage de langues \u00e9trang\u00e8res vivantes commun\u00e9ment utilis\u00e9es dans le monde francophone se r\u00e9v\u00e8lent peu efficaces, de nombreux apprenants se retrouvent d\u00e9munis lors de la mise en pratique des notions et\/ou apprentissages re\u00e7us et se retrouvent bien souvent \u00e0 ne pas pouvoir communiquer de mani\u00e8re efficace dans un environnement linguistiquement \u00e9tranger malgr\u00e9 avoir suivi un cursus complet \u2026.<\/p>\n<p>La raison claire en est que l\u2019apprentissage classique des langues vivantes reste trop th\u00e9orique et, trop souvent, bas\u00e9 sur l\u2019\u00e9crit et la traduction de textes n\u2019ayant que peu d\u2019utilit\u00e9 dans la vie pratique de tous les jours<\/p>\n<p>L\u2019importance de la litt\u00e9rature dans l\u2019apprentissage de la langue fran\u00e7aise n\u2019y est peut-\u00eatre pas \u00e9trang\u00e8re<\/p>\n<p>A l\u2019\u00e8re de l\u2019infob\u00e9sit\u00e9, l\u2019acc\u00e9l\u00e9ration de la vitesse d\u2019\u00e9change des informations ne permet plus de consacrer de longues heures \u00e0 une \u00e9tude studieuse, lourde et litt\u00e9raire d\u2019une langue.<\/p>\n<\/div>\n<\/div>\n<p>[\/vc_column_text][\/vc_column][\/vc_row][vc_row type=\u00a0\u00bbvc_default\u00a0\u00bb full_width=\u00a0\u00bbstretch_row_content\u00a0\u00bb parallax=\u00a0\u00bbcontent-moving\u00a0\u00bb bg_type=\u00a0\u00bbimage\u00a0\u00bb parallax_style=\u00a0\u00bbvcpb-vz-jquery\u00a0\u00bb bg_image_repeat=\u00a0\u00bbno-repeat\u00a0\u00bb bg_override=\u00a0\u00bbfull\u00a0\u00bb][vc_column][vc_empty_space height=\u00a0\u00bb150&Prime;][\/vc_column][\/vc_row]<\/p>\n","protected":false},"excerpt":{"rendered":"<p>[vc_row][vc_column width=\u00a0\u00bb1\/4&Prime;][\/vc_column][vc_column width=\u00a0\u00bb1\/4&Prime;][vc_single_image image=\u00a0\u00bb380&Prime; img_size=\u00a0\u00bblarge\u00a0\u00bb alignment=\u00a0\u00bbcenter\u00a0\u00bb style=\u00a0\u00bbvc_box_shadow_3d\u00a0\u00bb onclick=\u00a0\u00bbcustom_link\u00a0\u00bb css_animation=\u00a0\u00bbbounceIn\u00a0\u00bb link=\u00a0\u00bbhttps:\/\/richmondlanguage.fr\/wp-content\/uploads\/2024\/12\/20230106-Plaquette-2023.pdf\u00a0\u00bb][\/vc_column][vc_column width=\u00a0\u00bb1\/4&Prime;][vc_single_image image=\u00a0\u00bb392&Prime; img_size=\u00a0\u00bblarge\u00a0\u00bb alignment=\u00a0\u00bbcenter\u00a0\u00bb onclick=\u00a0\u00bbcustom_link\u00a0\u00bb link=\u00a0\u00bbhttps:\/\/richmondlanguage.fr\/wp-content\/uploads\/2025\/02\/40.54-CERTIFICAT-certificat-QUA007929-2024-12-26T23_00_00Z.pdf\u00a0\u00bb][\/vc_column][vc_column width=\u00a0\u00bb1\/4&Prime;][\/vc_column][\/vc_row][vc_row][vc_column width=\u00a0\u00bb1\/4&Prime;][vc_custom_heading text=\u00a0\u00bbACTUALITES\u00a0\u00bb use_theme_fonts=\u00a0\u00bbyes\u00a0\u00bb][vc_empty_space][\/vc_column][vc_column width=\u00a0\u00bb3\/4&Prime;][vc_column_text] CENTRE DE FORMATION DES LANGUES VIVANTES Les m\u00e9thodes d\u2019apprentissage de langues \u00e9trang\u00e8res vivantes commun\u00e9ment utilis\u00e9es dans le monde francophone se r\u00e9v\u00e8lent peu efficaces, de nombreux apprenants se retrouvent d\u00e9munis lors de la mise en&hellip;<\/p>\n","protected":false},"author":1,"featured_media":0,"parent":0,"menu_order":0,"comment_status":"closed","ping_status":"closed","template":"","meta":{"_exactmetrics_skip_tracking":false,"_exactmetrics_sitenote_active":false,"_exactmetrics_sitenote_note":"","_exactmetrics_sitenote_category":0,"footnotes":""},"class_list":["post-10","page","type-page","status-publish","hentry","description-off"],"yoast_head":"<!-- This site is optimized with the Yoast SEO plugin v27.3 - https:\/\/yoast.com\/product\/yoast-seo-wordpress\/ -->\n<title>home - RichmondLanguage<\/title>\n<meta name=\"robots\" content=\"index, follow, max-snippet:-1, max-image-preview:large, max-video-preview:-1\" \/>\n<link rel=\"canonical\" href=\"https:\/\/richmondlanguage.fr\/\" \/>\n<meta property=\"og:locale\" content=\"fr_FR\" \/>\n<meta property=\"og:type\" content=\"article\" \/>\n<meta property=\"og:title\" content=\"home - RichmondLanguage\" \/>\n<meta property=\"og:description\" content=\"[vc_row][vc_column width=\u00a0\u00bb1\/4&Prime;][\/vc_column][vc_column width=\u00a0\u00bb1\/4&Prime;][vc_single_image image=\u00a0\u00bb380&Prime; img_size=\u00a0\u00bblarge\u00a0\u00bb alignment=\u00a0\u00bbcenter\u00a0\u00bb style=\u00a0\u00bbvc_box_shadow_3d\u00a0\u00bb onclick=\u00a0\u00bbcustom_link\u00a0\u00bb css_animation=\u00a0\u00bbbounceIn\u00a0\u00bb link=\u00a0\u00bbhttps:\/\/richmondlanguage.fr\/wp-content\/uploads\/2024\/12\/20230106-Plaquette-2023.pdf\u00a0\u00bb][\/vc_column][vc_column width=\u00a0\u00bb1\/4&Prime;][vc_single_image image=\u00a0\u00bb392&Prime; img_size=\u00a0\u00bblarge\u00a0\u00bb alignment=\u00a0\u00bbcenter\u00a0\u00bb onclick=\u00a0\u00bbcustom_link\u00a0\u00bb link=\u00a0\u00bbhttps:\/\/richmondlanguage.fr\/wp-content\/uploads\/2025\/02\/40.54-CERTIFICAT-certificat-QUA007929-2024-12-26T23_00_00Z.pdf\u00a0\u00bb][\/vc_column][vc_column width=\u00a0\u00bb1\/4&Prime;][\/vc_column][\/vc_row][vc_row][vc_column width=\u00a0\u00bb1\/4&Prime;][vc_custom_heading text=\u00a0\u00bbACTUALITES\u00a0\u00bb use_theme_fonts=\u00a0\u00bbyes\u00a0\u00bb][vc_empty_space][\/vc_column][vc_column width=\u00a0\u00bb3\/4&Prime;][vc_column_text] CENTRE DE FORMATION DES LANGUES VIVANTES Les m\u00e9thodes d\u2019apprentissage de langues \u00e9trang\u00e8res vivantes commun\u00e9ment utilis\u00e9es dans le monde francophone se r\u00e9v\u00e8lent peu efficaces, de nombreux apprenants se retrouvent d\u00e9munis lors de la mise en&hellip;\" \/>\n<meta property=\"og:url\" content=\"https:\/\/richmondlanguage.fr\/\" \/>\n<meta property=\"og:site_name\" content=\"RichmondLanguage\" \/>\n<meta property=\"article:modified_time\" content=\"2025-02-18T18:04:18+00:00\" \/>\n<meta name=\"twitter:card\" content=\"summary_large_image\" \/>\n<meta name=\"twitter:label1\" content=\"Dur\u00e9e de lecture estim\u00e9e\" \/>\n\t<meta name=\"twitter:data1\" content=\"1 minute\" \/>\n<script type=\"application\/ld+json\" class=\"yoast-schema-graph\">{\"@context\":\"https:\\\/\\\/schema.org\",\"@graph\":[{\"@type\":\"WebPage\",\"@id\":\"https:\\\/\\\/richmondlanguage.fr\\\/\",\"url\":\"https:\\\/\\\/richmondlanguage.fr\\\/\",\"name\":\"home - RichmondLanguage\",\"isPartOf\":{\"@id\":\"https:\\\/\\\/richmondlanguage.fr\\\/#website\"},\"datePublished\":\"2018-07-25T10:33:57+00:00\",\"dateModified\":\"2025-02-18T18:04:18+00:00\",\"breadcrumb\":{\"@id\":\"https:\\\/\\\/richmondlanguage.fr\\\/#breadcrumb\"},\"inLanguage\":\"fr-FR\",\"potentialAction\":[{\"@type\":\"ReadAction\",\"target\":[\"https:\\\/\\\/richmondlanguage.fr\\\/\"]}]},{\"@type\":\"BreadcrumbList\",\"@id\":\"https:\\\/\\\/richmondlanguage.fr\\\/#breadcrumb\",\"itemListElement\":[{\"@type\":\"ListItem\",\"position\":1,\"name\":\"Accueil\",\"item\":\"https:\\\/\\\/richmondlanguage.fr\\\/\"},{\"@type\":\"ListItem\",\"position\":2,\"name\":\"home\"}]},{\"@type\":\"WebSite\",\"@id\":\"https:\\\/\\\/richmondlanguage.fr\\\/#website\",\"url\":\"https:\\\/\\\/richmondlanguage.fr\\\/\",\"name\":\"RichmondLanguage\",\"description\":\"Centre de formation des langues vivantes\",\"potentialAction\":[{\"@type\":\"SearchAction\",\"target\":{\"@type\":\"EntryPoint\",\"urlTemplate\":\"https:\\\/\\\/richmondlanguage.fr\\\/?s={search_term_string}\"},\"query-input\":{\"@type\":\"PropertyValueSpecification\",\"valueRequired\":true,\"valueName\":\"search_term_string\"}}],\"inLanguage\":\"fr-FR\"}]}<\/script>\n<!-- \/ Yoast SEO plugin. -->","yoast_head_json":{"title":"home - RichmondLanguage","robots":{"index":"index","follow":"follow","max-snippet":"max-snippet:-1","max-image-preview":"max-image-preview:large","max-video-preview":"max-video-preview:-1"},"canonical":"https:\/\/richmondlanguage.fr\/","og_locale":"fr_FR","og_type":"article","og_title":"home - RichmondLanguage","og_description":"[vc_row][vc_column width=\u00a0\u00bb1\/4&Prime;][\/vc_column][vc_column width=\u00a0\u00bb1\/4&Prime;][vc_single_image image=\u00a0\u00bb380&Prime; img_size=\u00a0\u00bblarge\u00a0\u00bb alignment=\u00a0\u00bbcenter\u00a0\u00bb style=\u00a0\u00bbvc_box_shadow_3d\u00a0\u00bb onclick=\u00a0\u00bbcustom_link\u00a0\u00bb css_animation=\u00a0\u00bbbounceIn\u00a0\u00bb link=\u00a0\u00bbhttps:\/\/richmondlanguage.fr\/wp-content\/uploads\/2024\/12\/20230106-Plaquette-2023.pdf\u00a0\u00bb][\/vc_column][vc_column width=\u00a0\u00bb1\/4&Prime;][vc_single_image image=\u00a0\u00bb392&Prime; img_size=\u00a0\u00bblarge\u00a0\u00bb alignment=\u00a0\u00bbcenter\u00a0\u00bb onclick=\u00a0\u00bbcustom_link\u00a0\u00bb link=\u00a0\u00bbhttps:\/\/richmondlanguage.fr\/wp-content\/uploads\/2025\/02\/40.54-CERTIFICAT-certificat-QUA007929-2024-12-26T23_00_00Z.pdf\u00a0\u00bb][\/vc_column][vc_column width=\u00a0\u00bb1\/4&Prime;][\/vc_column][\/vc_row][vc_row][vc_column width=\u00a0\u00bb1\/4&Prime;][vc_custom_heading text=\u00a0\u00bbACTUALITES\u00a0\u00bb use_theme_fonts=\u00a0\u00bbyes\u00a0\u00bb][vc_empty_space][\/vc_column][vc_column width=\u00a0\u00bb3\/4&Prime;][vc_column_text] CENTRE DE FORMATION DES LANGUES VIVANTES Les m\u00e9thodes d\u2019apprentissage de langues \u00e9trang\u00e8res vivantes commun\u00e9ment utilis\u00e9es dans le monde francophone se r\u00e9v\u00e8lent peu efficaces, de nombreux apprenants se retrouvent d\u00e9munis lors de la mise en&hellip;","og_url":"https:\/\/richmondlanguage.fr\/","og_site_name":"RichmondLanguage","article_modified_time":"2025-02-18T18:04:18+00:00","twitter_card":"summary_large_image","twitter_misc":{"Dur\u00e9e de lecture estim\u00e9e":"1 minute"},"schema":{"@context":"https:\/\/schema.org","@graph":[{"@type":"WebPage","@id":"https:\/\/richmondlanguage.fr\/","url":"https:\/\/richmondlanguage.fr\/","name":"home - RichmondLanguage","isPartOf":{"@id":"https:\/\/richmondlanguage.fr\/#website"},"datePublished":"2018-07-25T10:33:57+00:00","dateModified":"2025-02-18T18:04:18+00:00","breadcrumb":{"@id":"https:\/\/richmondlanguage.fr\/#breadcrumb"},"inLanguage":"fr-FR","potentialAction":[{"@type":"ReadAction","target":["https:\/\/richmondlanguage.fr\/"]}]},{"@type":"BreadcrumbList","@id":"https:\/\/richmondlanguage.fr\/#breadcrumb","itemListElement":[{"@type":"ListItem","position":1,"name":"Accueil","item":"https:\/\/richmondlanguage.fr\/"},{"@type":"ListItem","position":2,"name":"home"}]},{"@type":"WebSite","@id":"https:\/\/richmondlanguage.fr\/#website","url":"https:\/\/richmondlanguage.fr\/","name":"RichmondLanguage","description":"Centre de formation des langues vivantes","potentialAction":[{"@type":"SearchAction","target":{"@type":"EntryPoint","urlTemplate":"https:\/\/richmondlanguage.fr\/?s={search_term_string}"},"query-input":{"@type":"PropertyValueSpecification","valueRequired":true,"valueName":"search_term_string"}}],"inLanguage":"fr-FR"}]}},"jetpack_sharing_enabled":true,"_links":{"self":[{"href":"https:\/\/richmondlanguage.fr\/index.php?rest_route=\/wp\/v2\/pages\/10","targetHints":{"allow":["GET"]}}],"collection":[{"href":"https:\/\/richmondlanguage.fr\/index.php?rest_route=\/wp\/v2\/pages"}],"about":[{"href":"https:\/\/richmondlanguage.fr\/index.php?rest_route=\/wp\/v2\/types\/page"}],"author":[{"embeddable":true,"href":"https:\/\/richmondlanguage.fr\/index.php?rest_route=\/wp\/v2\/users\/1"}],"replies":[{"embeddable":true,"href":"https:\/\/richmondlanguage.fr\/index.php?rest_route=%2Fwp%2Fv2%2Fcomments&post=10"}],"version-history":[{"count":42,"href":"https:\/\/richmondlanguage.fr\/index.php?rest_route=\/wp\/v2\/pages\/10\/revisions"}],"predecessor-version":[{"id":394,"href":"https:\/\/richmondlanguage.fr\/index.php?rest_route=\/wp\/v2\/pages\/10\/revisions\/394"}],"wp:attachment":[{"href":"https:\/\/richmondlanguage.fr\/index.php?rest_route=%2Fwp%2Fv2%2Fmedia&parent=10"}],"curies":[{"name":"wp","href":"https:\/\/api.w.org\/{rel}","templated":true}]}}